{"id":8,"date":"2026-01-05T18:27:45","date_gmt":"2026-01-06T00:27:45","guid":{"rendered":"https:\/\/paginaejemplo.directorio-comercial.com\/?page_id=8"},"modified":"2026-01-29T22:32:37","modified_gmt":"2026-01-30T04:32:37","slug":"inicio","status":"publish","type":"page","link":"https:\/\/mariscoseltimon.directorio-comercial.com\/","title":{"rendered":"Inicio"},"content":{"rendered":"\n<div class=\"wp-block-group alignfull is-content-justification-center is-nowrap is-layout-flex wp-container-core-group-is-layout-9817af40 wp-block-group-is-layout-flex\" style=\"padding-right:0;padding-left:0\"><\/div>\n\n\n\n<div class=\"wp-block-group has-global-padding is-layout-constrained wp-block-group-is-layout-constrained\">\n<h2 class=\"gb-text gb-text-9e8a02a2\">Con\u00f3cenos<\/h2>\n\n\n\n<p class=\"gb-text gb-text-e36374c7\">Pescado y Mariscos El Tim\u00f3n es un negocio dedicado a la venta de pescado y mariscos frescos y de alta calidad en el Centro Comercial Agropecuario. Nos distinguimos por la cuidadosa selecci\u00f3n de nuestros productos, el manejo higi\u00e9nico y una atenci\u00f3n confiable y cercana. Nuestro compromiso es llevar frescura, buen sabor y confianza a la mesa de las familias y negocios, ofreciendo siempre un servicio eficiente y una experiencia de compra satisfactoria, respaldada por la seriedad y calidad que nos caracteriza.<\/p>\n<\/div>\n\n\n\n<figure class=\"wp-block-image aligncenter size-large\"><img loading=\"lazy\" decoding=\"async\" width=\"1024\" height=\"683\" src=\"https:\/\/mariscoseltimon.directorio-comercial.com\/wp-content\/uploads\/2026\/01\/ChatGPT-Image-16-ene-2026-07_05_32-p.m-1024x683.png\" alt=\"\" class=\"wp-image-39\" srcset=\"https:\/\/mariscoseltimon.directorio-comercial.com\/wp-content\/uploads\/2026\/01\/ChatGPT-Image-16-ene-2026-07_05_32-p.m-1024x683.png 1024w, https:\/\/mariscoseltimon.directorio-comercial.com\/wp-content\/uploads\/2026\/01\/ChatGPT-Image-16-ene-2026-07_05_32-p.m-300x200.png 300w, https:\/\/mariscoseltimon.directorio-comercial.com\/wp-content\/uploads\/2026\/01\/ChatGPT-Image-16-ene-2026-07_05_32-p.m-768x512.png 768w, https:\/\/mariscoseltimon.directorio-comercial.com\/wp-content\/uploads\/2026\/01\/ChatGPT-Image-16-ene-2026-07_05_32-p.m.png 1536w\" sizes=\"auto, (max-width: 1024px) 100vw, 1024px\" \/><\/figure>\n\n\n\n<figure class=\"wp-block-video\"><\/figure>\n\n\n\n<!--nextpage-->\n\n\n\n<div class=\"wp-block-group has-global-padding is-layout-constrained wp-block-group-is-layout-constrained\" style=\"padding-top:var(--wp--preset--spacing--20)\">\n<div class=\"wp-block-group has-global-padding is-layout-constrained wp-block-group-is-layout-constrained\">\n<h2 class=\"gb-text gb-text-72768a99\">Misi\u00f3n<\/h2>\n\n\n\n<p class=\"gb-text gb-text-15f87916\">En Pescado y Mariscos El Tim\u00f3n nos dedicamos a la venta de pescado y mariscos frescos y de calidad, ofreciendo productos bien seleccionados, manejo higi\u00e9nico y atenci\u00f3n confiable a nuestros clientes en el Centro Comercial Agropecuario. Nuestro compromiso es llevar frescura y buen sabor a la mesa de las familias y negocios.<\/p>\n<\/div>\n\n\n\n<hr class=\"wp-block-separator has-alpha-channel-opacity\"\/>\n\n\n\n<div class=\"wp-block-group has-global-padding is-layout-constrained wp-block-group-is-layout-constrained\">\n<h2 class=\"gb-text gb-text-2603958f\">Visi\u00f3n<\/h2>\n\n\n\n<p class=\"gb-text gb-text-bbf5f7a5\">Ser un local reconocido en el Centro Comercial Agropecuario por la frescura de nuestros pescados y mariscos, la seriedad en el servicio y la confianza de nuestros clientes. Buscamos consolidarnos como un proveedor preferido y crecer de manera sostenible en el mercado local.<\/p>\n<\/div>\n\n\n\n<hr class=\"wp-block-separator has-alpha-channel-opacity\"\/>\n\n\n\n<div class=\"wp-block-group has-global-padding is-layout-constrained wp-block-group-is-layout-constrained\">\n<h2 class=\"gb-text gb-text-66b3e1d5\">Objetivo<\/h2>\n\n\n\n<p class=\"gb-text gb-text-e7adeb85\">Ofrecer pescado y mariscos frescos y de excelente calidad, garantizando un servicio eficiente, higi\u00e9nico y una experiencia de compra satisfactoria para nuestros clientes.<\/p>\n<\/div>\n\n\n\n<hr class=\"wp-block-separator has-alpha-channel-opacity\"\/>\n<\/div>\n\n\n\n<div class=\"wp-block-group has-global-padding is-layout-constrained wp-block-group-is-layout-constrained\">\n<figure class=\"wp-block-image size-large\"><img loading=\"lazy\" decoding=\"async\" width=\"1024\" height=\"683\" src=\"https:\/\/mariscoseltimon.directorio-comercial.com\/wp-content\/uploads\/2026\/01\/ChatGPT-Image-16-ene-2026-07_07_47-p.m-1024x683.png\" alt=\"\" class=\"wp-image-40\" srcset=\"https:\/\/mariscoseltimon.directorio-comercial.com\/wp-content\/uploads\/2026\/01\/ChatGPT-Image-16-ene-2026-07_07_47-p.m-1024x683.png 1024w, https:\/\/mariscoseltimon.directorio-comercial.com\/wp-content\/uploads\/2026\/01\/ChatGPT-Image-16-ene-2026-07_07_47-p.m-300x200.png 300w, https:\/\/mariscoseltimon.directorio-comercial.com\/wp-content\/uploads\/2026\/01\/ChatGPT-Image-16-ene-2026-07_07_47-p.m-768x512.png 768w, https:\/\/mariscoseltimon.directorio-comercial.com\/wp-content\/uploads\/2026\/01\/ChatGPT-Image-16-ene-2026-07_07_47-p.m.png 1536w\" sizes=\"auto, (max-width: 1024px) 100vw, 1024px\" \/><\/figure>\n\n\n<\/div>\n\n\n\n\n\n<!--nextpage-->\n\n\n\n<div class=\"wp-block-group has-global-padding is-layout-constrained wp-block-group-is-layout-constrained\" style=\"padding-top:var(--wp--preset--spacing--20)\">\n<h2 class=\"gb-text gb-text-5dff42df\">Ven y Con\u00f3cenos<\/h2>\n\n\n\n<div class=\"wp-block-group is-content-justification-center is-nowrap is-layout-flex wp-container-core-group-is-layout-23441af8 wp-block-group-is-layout-flex\">\n<iframe src=\"https:\/\/www.google.com\/maps\/embed?pb=!1m17!1m12!1m3!1d3112.6295024315345!2d-102.29356363934362!3d21.91296870938096!2m3!1f0!2f0!3f0!3m2!1i1024!2i768!4f13.1!3m2!1m1!2zMjHCsDU0JzQ2LjgiTiAxMDLCsDE3JzM0LjMiVw!5e0!3m2!1ses!2smx!4v1769650603127!5m2!1ses!2smx\" width=\"370\" height=\"370\" style=\"border:0;\" allowfullscreen=\"\" loading=\"lazy\" referrerpolicy=\"no-referrer-when-downgrade\"><\/iframe>\n<\/div>\n<\/div>\n","protected":false},"excerpt":{"rendered":"<p>Con\u00f3cenos Pescado y Mariscos El Tim\u00f3n es un negocio dedicado a la venta de pescado y mariscos frescos y de alta calidad en el Centro Comercial Agropecuario. Nos distinguimos por la cuidadosa selecci\u00f3n de nuestros productos, el manejo higi\u00e9nico y una atenci\u00f3n confiable y cercana. Nuestro compromiso es llevar frescura, buen sabor y confianza a [&hellip;]<\/p>\n","protected":false},"author":1,"featured_media":0,"parent":0,"menu_order":0,"comment_status":"closed","ping_status":"closed","template":"page-no-title","meta":{"_acf_changed":false,"footnotes":""},"class_list":["post-8","page","type-page","status-publish","hentry"],"acf":[],"_links":{"self":[{"href":"https:\/\/mariscoseltimon.directorio-comercial.com\/index.php?rest_route=\/wp\/v2\/pages\/8","targetHints":{"allow":["GET"]}}],"collection":[{"href":"https:\/\/mariscoseltimon.directorio-comercial.com\/index.php?rest_route=\/wp\/v2\/pages"}],"about":[{"href":"https:\/\/mariscoseltimon.directorio-comercial.com\/index.php?rest_route=\/wp\/v2\/types\/page"}],"author":[{"embeddable":true,"href":"https:\/\/mariscoseltimon.directorio-comercial.com\/index.php?rest_route=\/wp\/v2\/users\/1"}],"replies":[{"embeddable":true,"href":"https:\/\/mariscoseltimon.directorio-comercial.com\/index.php?rest_route=%2Fwp%2Fv2%2Fcomments&post=8"}],"version-history":[{"count":5,"href":"https:\/\/mariscoseltimon.directorio-comercial.com\/index.php?rest_route=\/wp\/v2\/pages\/8\/revisions"}],"predecessor-version":[{"id":164,"href":"https:\/\/mariscoseltimon.directorio-comercial.com\/index.php?rest_route=\/wp\/v2\/pages\/8\/revisions\/164"}],"wp:attachment":[{"href":"https:\/\/mariscoseltimon.directorio-comercial.com\/index.php?rest_route=%2Fwp%2Fv2%2Fmedia&parent=8"}],"curies":[{"name":"wp","href":"https:\/\/api.w.org\/{rel}","templated":true}]}}